{"id":51,"date":"2016-11-04T22:25:30","date_gmt":"2016-11-04T21:25:30","guid":{"rendered":"http:\/\/www.comrel-advies.com\/wp\/?page_id=51"},"modified":"2017-08-09T13:27:03","modified_gmt":"2017-08-09T11:27:03","slug":"hobbies","status":"publish","type":"page","link":"https:\/\/comrel-advies.com\/wp\/?page_id=51","title":{"rendered":"Over ComRel-Advies"},"content":{"rendered":"<p><img loading=\"lazy\" decoding=\"async\" class=\"alignnone size-full wp-image-63\" src=\"https:\/\/www.comrel-advies.com\/wp\/wp-content\/uploads\/2016\/11\/Me.jpg\" alt=\"me\" width=\"135\" height=\"135\" \/><\/p>\n<p>Mijn naam is Paul Poels, ik ben getrouwd met Ingrid en heb twee kinderen David en Eva. Wij wonen in Amersfoort. De meeste werkzaamheden verricht ik vanuit mijn eigen kantoor in Amersfoort.<\/p>\n<p>Mijn capaciteiten komen vooral tot zijn recht op plaatsen waar sprake is van complexe problemen. Ik ben in staat om een zelfstandig probleem te analyseren, uit te werken en om te zetten in een programma dat volledig overeenkomt met de eisen van de gebruikers. Maar ik ben ook zeker een team speler. Ik kan mensen motiveren, aansturen en over een moeilijk punt heen helpen. Ik ben service gericht en ga ervan uit dat de gebruiker bepaald hoe software eruit moet zien. Daarin ga ik zover als technisch en economisch haalbaar is. Ik ben meer pragmatisch dan theoretisch ingesteld en beschik over veel creativiteit en een groot analytisch vermogen.<\/p>\n<p><img loading=\"lazy\" decoding=\"async\" class=\"alignnone size-full wp-image-135\" src=\"https:\/\/www.comrel-advies.com\/wp\/wp-content\/uploads\/2016\/12\/help-1192586.jpg\" alt=\"\" width=\"2592\" height=\"1944\" srcset=\"https:\/\/comrel-advies.com\/wp\/wp-content\/uploads\/2016\/12\/help-1192586.jpg 2592w, https:\/\/comrel-advies.com\/wp\/wp-content\/uploads\/2016\/12\/help-1192586-300x225.jpg 300w, https:\/\/comrel-advies.com\/wp\/wp-content\/uploads\/2016\/12\/help-1192586-768x576.jpg 768w, https:\/\/comrel-advies.com\/wp\/wp-content\/uploads\/2016\/12\/help-1192586-1024x768.jpg 1024w, https:\/\/comrel-advies.com\/wp\/wp-content\/uploads\/2016\/12\/help-1192586-258x194.jpg 258w, https:\/\/comrel-advies.com\/wp\/wp-content\/uploads\/2016\/12\/help-1192586-70x53.jpg 70w\" sizes=\"(max-width: 2592px) 100vw, 2592px\" \/><\/p>\n<p>Programmeertalen: COS (Cach\u00e9 Object Script), CSP ( Cach\u00e9 Server Page), Delphi, vb.net, PHP, VBA, Javascript<br \/>\nDatabasesystemen: SQL server, MySQL, Cach\u00e9, Access<br \/>\nOverigen: MS Office (automatisering), UML, Ensemble<\/p>\n<p>&nbsp;<\/p>\n<p><b>Ontdek hoe ik u kan helpen. Bel 06 41 463 997<\/b><\/p>\n<p>&nbsp;<\/p>\n<p>Naast mijn professionele capaciteiten wil ik ook iets vertellen over \u00e9\u00e9n van mijn hobby&#8217;s. Misschien is dat niet gebruikelijk, maar dat zegt ook iets over mijn persoonlijkheid.<\/p>\n<p>Al van jongs af aan ben ik een fervent trein modelbouwer. Door omstandigheden heb ik daar jaren niets mee kunnen doen, maar onlangs heb ik het weer opgepakt. Binnenkort zal ik hier foto&#8217;s plaatsen van de opbouw van mijn nieuwe treinbaan.<\/p>\n","protected":false},"excerpt":{"rendered":"<p>Mijn naam is Paul Poels, ik ben getrouwd met Ingrid en heb twee kinderen David en Eva. Wij wonen in Amersfoort. De meeste werkzaamheden verricht ik vanuit mijn eigen kantoor in Amersfoort. Mijn capaciteiten komen vooral tot zijn recht op plaatsen waar sprake is van complexe problemen. Ik ben in staat om een zelfstandig probleem te analyseren, uit te werken en om te zetten in een programma dat volledig overeenkomt met de eisen van de gebruikers. Maar ik ben ook zeker een team speler. Ik kan mensen motiveren, aansturen en over een moeilijk punt heen helpen. Ik ben service gericht en ga ervan uit dat de gebruiker bepaald hoe software eruit moet zien. Daarin ga ik zover als technisch en economisch haalbaar is. Ik ben meer pragmatisch dan theoretisch ingesteld en beschik over veel creativiteit en een groot analytisch vermogen. Programmeertalen: COS (Cach\u00e9 Object Script), CSP ( Cach\u00e9 Server Page), Delphi, vb.net, PHP, VBA, Javascript Databasesystemen: SQL server, MySQL, Cach\u00e9, Access Overigen: MS Office (automatisering), UML, Ensemble &nbsp; Ontdek hoe ik u kan helpen. Bel 06 41 463 997 &nbsp; Naast mijn professionele capaciteiten wil ik ook iets vertellen over \u00e9\u00e9n van mijn hobby&#8217;s. Misschien is dat niet gebruikelijk, maar [&#8230;]<\/p>\n","protected":false},"author":1,"featured_media":0,"parent":0,"menu_order":7,"comment_status":"closed","ping_status":"closed","template":"","meta":{"footnotes":""},"_links":{"self":[{"href":"https:\/\/comrel-advies.com\/wp\/index.php?rest_route=\/wp\/v2\/pages\/51"}],"collection":[{"href":"https:\/\/comrel-advies.com\/wp\/index.php?rest_route=\/wp\/v2\/pages"}],"about":[{"href":"https:\/\/comrel-advies.com\/wp\/index.php?rest_route=\/wp\/v2\/types\/page"}],"author":[{"embeddable":true,"href":"https:\/\/comrel-advies.com\/wp\/index.php?rest_route=\/wp\/v2\/users\/1"}],"replies":[{"embeddable":true,"href":"https:\/\/comrel-advies.com\/wp\/index.php?rest_route=%2Fwp%2Fv2%2Fcomments&post=51"}],"version-history":[{"count":9,"href":"https:\/\/comrel-advies.com\/wp\/index.php?rest_route=\/wp\/v2\/pages\/51\/revisions"}],"predecessor-version":[{"id":168,"href":"https:\/\/comrel-advies.com\/wp\/index.php?rest_route=\/wp\/v2\/pages\/51\/revisions\/168"}],"wp:attachment":[{"href":"https:\/\/comrel-advies.com\/wp\/index.php?rest_route=%2Fwp%2Fv2%2Fmedia&parent=51"}],"curies":[{"name":"wp","href":"https:\/\/api.w.org\/{rel}","templated":true}]}}